{"id":4504,"date":"2024-12-06T15:23:42","date_gmt":"2024-12-06T15:23:42","guid":{"rendered":"https:\/\/bluetruecrime.com\/blog\/?post_type=product&#038;p=4504"},"modified":"2025-07-12T20:37:26","modified_gmt":"2025-07-12T20:37:26","slug":"la-gestacion-subrogada-desde-el-derecho-civil","status":"publish","type":"product","link":"https:\/\/bluetruecrime.com\/blog\/tienda\/trabajo-de-universidad\/la-gestacion-subrogada-desde-el-derecho-civil\/","title":{"rendered":"La gestaci\u00f3n subrogada desde el derecho civil"},"content":{"rendered":"\r\n<p class=\"wp-block-paragraph\">Este trabajo no contempla la \u00faltima sentencia del Tribunal Supremo que permite inscribir en el Registro Civil a los hijos fruto de gestaci\u00f3n subrogada, concebidos en otros pa\u00edses, donde esta pr\u00e1ctica s\u00ed que es legal.<\/p>\r\n\r\n\r\n\r\n<div class=\"wp-block-algori-pdf-viewer-block-algori-pdf-viewer\"><iframe style=\"width: 600px; height: 300px;\" class=\"wp-block-algori-pdf-viewer-block-algori-pdf-viewer-iframe\" src=\"https:\/\/bluetruecrime.com\/blog\/wp-content\/plugins\/algori-pdf-viewer\/dist\/web\/viewer.html?file=https%3A%2F%2Fbluetruecrime.com%2Fblog%2Fwp-content%2Fuploads%2F2024%2F12%2FGestacion-Subrogada-La.pdf\"><\/iframe><\/div>\r\n\r\n\r\n\r\n<div class=\"wp-block-algori-pdf-viewer-block-algori-pdf-viewer\"><iframe style=\"width: 600px; height: 300px;\" class=\"wp-block-algori-pdf-viewer-block-algori-pdf-viewer-iframe\" src=\"https:\/\/bluetruecrime.com\/blog\/wp-content\/plugins\/algori-pdf-viewer\/dist\/web\/viewer.html?file=https%3A%2F%2Fbluetruecrime.com%2Fblog%2Fwp-content%2Fuploads%2F2024%2F12%2FExposicion-Gestacion-Subrogada.pdf\"><\/iframe><\/div>\r\n","protected":false},"excerpt":{"rendered":"<p>Este trabajo no contempla la \u00faltima sentencia del Tribunal Supremo que permite inscribir en el Registro Civil a los hijos fruto de gestaci\u00f3n subrogada, concebidos en otros pa\u00edses, donde esta pr\u00e1ctica s\u00ed que es legal.<\/p>\n","protected":false},"featured_media":4784,"comment_status":"open","ping_status":"closed","template":"","meta":{"_crdt_document":"","_eb_attr":""},"product_brand":[],"product_cat":[151],"product_tag":[722,724,721,723],"class_list":{"0":"post-4504","1":"product","2":"type-product","3":"status-publish","4":"has-post-thumbnail","6":"product_cat-trabajo-de-universidad","7":"product_tag-derecho-civil","8":"product_tag-gestacion-subrogada","9":"product_tag-principios-juridicos","10":"product_tag-vientres-de-alquiler","12":"first","13":"instock","14":"shipping-taxable","15":"product-type-simple"},"_links":{"self":[{"href":"https:\/\/bluetruecrime.com\/blog\/wp-json\/wp\/v2\/product\/4504","targetHints":{"allow":["GET"]}}],"collection":[{"href":"https:\/\/bluetruecrime.com\/blog\/wp-json\/wp\/v2\/product"}],"about":[{"href":"https:\/\/bluetruecrime.com\/blog\/wp-json\/wp\/v2\/types\/product"}],"replies":[{"embeddable":true,"href":"https:\/\/bluetruecrime.com\/blog\/wp-json\/wp\/v2\/comments?post=4504"}],"wp:featuredmedia":[{"embeddable":true,"href":"https:\/\/bluetruecrime.com\/blog\/wp-json\/wp\/v2\/media\/4784"}],"wp:attachment":[{"href":"https:\/\/bluetruecrime.com\/blog\/wp-json\/wp\/v2\/media?parent=4504"}],"wp:term":[{"taxonomy":"product_brand","embeddable":true,"href":"https:\/\/bluetruecrime.com\/blog\/wp-json\/wp\/v2\/product_brand?post=4504"},{"taxonomy":"product_cat","embeddable":true,"href":"https:\/\/bluetruecrime.com\/blog\/wp-json\/wp\/v2\/product_cat?post=4504"},{"taxonomy":"product_tag","embeddable":true,"href":"https:\/\/bluetruecrime.com\/blog\/wp-json\/wp\/v2\/product_tag?post=4504"}],"curies":[{"name":"wp","href":"https:\/\/api.w.org\/{rel}","templated":true}]}}