{"id":4386,"date":"2024-07-14T14:12:51","date_gmt":"2024-07-14T14:12:51","guid":{"rendered":"https:\/\/bluetruecrime.com\/blog\/?post_type=product&#038;p=4386"},"modified":"2025-07-12T20:45:54","modified_gmt":"2025-07-12T20:45:54","slug":"glosario-de-unidades-fraseologicas-del-lenguaje-juridico","status":"publish","type":"product","link":"https:\/\/bluetruecrime.com\/blog\/tienda\/diccionario\/glosario-de-unidades-fraseologicas-del-lenguaje-juridico\/","title":{"rendered":"Glosario de unidades fraseol\u00f3gicas del lenguaje jur\u00eddico"},"content":{"rendered":"\r\n<figure class=\"wp-block-embed is-type-wp-embed is-provider-blue-true-crime wp-block-embed-blue-true-crime\">\r\n<div class=\"wp-block-embed__wrapper\">https:\/\/bluetruecrime.com\/blog\/cabal-conocimiento-analisis-de-la-expresion\/<\/div>\r\n<\/figure>\r\n","protected":false},"excerpt":{"rendered":"<p>Recopilaci\u00f3n de expresiones hechas o unidades fraseol\u00f3gicas del lenguaje jur\u00eddico.<\/p>\n","protected":false},"featured_media":4787,"comment_status":"open","ping_status":"closed","template":"","meta":{"_crdt_document":"","_eb_attr":""},"product_brand":[],"product_cat":[648],"product_tag":[653,649,652,651,192],"class_list":{"0":"post-4386","1":"product","2":"type-product","3":"status-publish","4":"has-post-thumbnail","6":"product_cat-diccionario","7":"product_tag-ciencias-forenses","8":"product_tag-glosario","9":"product_tag-lenguaje-forense","10":"product_tag-lexicon","11":"product_tag-linguistica-forense","13":"first","14":"instock","15":"shipping-taxable","16":"product-type-simple"},"_links":{"self":[{"href":"https:\/\/bluetruecrime.com\/blog\/wp-json\/wp\/v2\/product\/4386","targetHints":{"allow":["GET"]}}],"collection":[{"href":"https:\/\/bluetruecrime.com\/blog\/wp-json\/wp\/v2\/product"}],"about":[{"href":"https:\/\/bluetruecrime.com\/blog\/wp-json\/wp\/v2\/types\/product"}],"replies":[{"embeddable":true,"href":"https:\/\/bluetruecrime.com\/blog\/wp-json\/wp\/v2\/comments?post=4386"}],"wp:featuredmedia":[{"embeddable":true,"href":"https:\/\/bluetruecrime.com\/blog\/wp-json\/wp\/v2\/media\/4787"}],"wp:attachment":[{"href":"https:\/\/bluetruecrime.com\/blog\/wp-json\/wp\/v2\/media?parent=4386"}],"wp:term":[{"taxonomy":"product_brand","embeddable":true,"href":"https:\/\/bluetruecrime.com\/blog\/wp-json\/wp\/v2\/product_brand?post=4386"},{"taxonomy":"product_cat","embeddable":true,"href":"https:\/\/bluetruecrime.com\/blog\/wp-json\/wp\/v2\/product_cat?post=4386"},{"taxonomy":"product_tag","embeddable":true,"href":"https:\/\/bluetruecrime.com\/blog\/wp-json\/wp\/v2\/product_tag?post=4386"}],"curies":[{"name":"wp","href":"https:\/\/api.w.org\/{rel}","templated":true}]}}