{"id":3187,"date":"2023-08-07T10:33:08","date_gmt":"2023-08-07T10:33:08","guid":{"rendered":"https:\/\/bluetruecrime.com\/blog\/?post_type=product&#038;p=3187"},"modified":"2025-07-12T21:30:34","modified_gmt":"2025-07-12T21:30:34","slug":"data-crime-ciencia-de-datos-y-criminologia","status":"publish","type":"product","link":"https:\/\/bluetruecrime.com\/blog\/tienda\/monografia\/data-crime-ciencia-de-datos-y-criminologia\/","title":{"rendered":"Data crime: ciencia de datos y criminolog\u00eda"},"content":{"rendered":"\r\n<div class=\"wp-block-query is-layout-flow wp-block-query-is-layout-flow\"><ul class=\"columns-3 wp-block-post-template is-layout-grid wp-container-core-post-template-is-layout-0fed8f92 wp-block-post-template-is-layout-grid\"><li class=\"wp-block-post post-4738 post type-post status-publish format-standard has-post-thumbnail hentry category-datacrime category-sin-categorizar\">\r\n\r\n\r\n<div class=\"wp-block-group\" style=\"padding: 30px;\"><div class=\"wp-block-group__inner-container is-layout-flow wp-block-group-is-layout-flow\"><h2 class=\"wp-block-post-title\"><a href=\"https:\/\/bluetruecrime.com\/blog\/datos-estadisticos-de-la-poblacion-reclusa-mayo-2025\/\" target=\"_self\" >Datos estad\u00edsticos de la poblaci\u00f3n reclusa: Mayo 2025<\/a><\/h2>\r\n\r\n<div class=\"wp-block-post-excerpt\"><p class=\"wp-block-post-excerpt__excerpt\"> <\/p><\/div>\r\n\r\n<div class=\"wp-block-post-date\"><time datetime=\"2025-06-25T16:33:01+00:00\">25 de junio de 2025<\/time><\/div><\/div><\/div>\r\n<\/li><li class=\"wp-block-post post-4583 post type-post status-publish format-standard has-post-thumbnail hentry category-datacrime category-sin-categorizar tag-maltrato-infantil\">\r\n\r\n\r\n<div class=\"wp-block-group\" style=\"padding: 30px;\"><div class=\"wp-block-group__inner-container is-layout-flow wp-block-group-is-layout-flow\"><h2 class=\"wp-block-post-title\"><a href=\"https:\/\/bluetruecrime.com\/blog\/maltrato-infantil-datos-por-tipo-de-maltrato\/\" target=\"_self\" >Maltrato infantil: datos por tipo de maltrato<\/a><\/h2>\r\n\r\n<div class=\"wp-block-post-excerpt\"><p class=\"wp-block-post-excerpt__excerpt\"> <\/p><\/div>\r\n\r\n<div class=\"wp-block-post-date\"><time datetime=\"2025-01-09T18:46:31+00:00\">9 de enero de 2025<\/time><\/div><\/div><\/div>\r\n<\/li><li class=\"wp-block-post post-3638 post type-post status-publish format-standard has-post-thumbnail hentry category-datacrime tag-infografias-de-crimenes\">\r\n\r\n\r\n<div class=\"wp-block-group\" style=\"padding: 30px;\"><div class=\"wp-block-group__inner-container is-layout-flow wp-block-group-is-layout-flow\"><h2 class=\"wp-block-post-title\"><a href=\"https:\/\/bluetruecrime.com\/blog\/infografia-suicidios-1\/\" target=\"_self\" >Infograf\u00eda suicidios 1<\/a><\/h2>\r\n\r\n<div class=\"wp-block-post-excerpt\"><p class=\"wp-block-post-excerpt__excerpt\"> <\/p><\/div>\r\n\r\n<div class=\"wp-block-post-date\"><time datetime=\"2024-01-03T18:59:43+00:00\">3 de enero de 2024<\/time><\/div><\/div><\/div>\r\n<\/li><li class=\"wp-block-post post-3639 post type-post status-publish format-standard has-post-thumbnail hentry category-datacrime tag-datos-de-suicidios\">\r\n\r\n\r\n<div class=\"wp-block-group\" style=\"padding: 30px;\"><div class=\"wp-block-group__inner-container is-layout-flow wp-block-group-is-layout-flow\"><h2 class=\"wp-block-post-title\"><a href=\"https:\/\/bluetruecrime.com\/blog\/infografia-suicidios-2\/\" target=\"_self\" >Infograf\u00eda suicidios 2<\/a><\/h2>\r\n\r\n<div class=\"wp-block-post-excerpt\"><p class=\"wp-block-post-excerpt__excerpt\"> <\/p><\/div>\r\n\r\n<div class=\"wp-block-post-date\"><time datetime=\"2024-01-03T18:56:06+00:00\">3 de enero de 2024<\/time><\/div><\/div><\/div>\r\n<\/li><li class=\"wp-block-post post-2878 post type-post status-publish format-standard has-post-thumbnail hentry category-datacrime tag-ciencia-de-datos-de-criminologia tag-graficas-de-crimenes tag-trata-de-blancas\">\r\n\r\n\r\n<div class=\"wp-block-group\" style=\"padding: 30px;\"><div class=\"wp-block-group__inner-container is-layout-flow wp-block-group-is-layout-flow\"><h2 class=\"wp-block-post-title\"><a href=\"https:\/\/bluetruecrime.com\/blog\/victimas-de-tratas-grafica\/\" target=\"_self\" >V\u00edctimas de tratas: gr\u00e1fica<\/a><\/h2>\r\n\r\n<div class=\"wp-block-post-excerpt\"><p class=\"wp-block-post-excerpt__excerpt\"> <\/p><\/div>\r\n\r\n<div class=\"wp-block-post-date\"><time datetime=\"2023-07-07T06:45:11+00:00\">7 de julio de 2023<\/time><\/div><\/div><\/div>\r\n<\/li><li class=\"wp-block-post post-372 post type-post status-publish format-standard has-post-thumbnail hentry category-datacrime tag-datos-de-crimenes\">\r\n\r\n\r\n<div class=\"wp-block-group\" style=\"padding: 30px;\"><div class=\"wp-block-group__inner-container is-layout-flow wp-block-group-is-layout-flow\"><h2 class=\"wp-block-post-title\"><a href=\"https:\/\/bluetruecrime.com\/blog\/numero-de-suicidios-durante-los-gobiernos-del-pp-y-del-psoe\/\" target=\"_self\" >DATACRIME: N\u00famero de suicidios durante los gobiernos del PP y del PSOE<\/a><\/h2>\r\n\r\n<div class=\"wp-block-post-excerpt\"><p class=\"wp-block-post-excerpt__excerpt\"> <\/p><\/div>\r\n\r\n<div class=\"wp-block-post-date\"><time datetime=\"2023-01-24T12:12:44+00:00\">24 de enero de 2023<\/time><\/div><\/div><\/div>\r\n<\/li><\/ul><\/div>\r\n","protected":false},"excerpt":{"rendered":"<p>Datos, gr\u00e1ficas, estad\u00edsticas y peque\u00f1os estudios de ciencias de datos relacionados con la Criminolog\u00eda.<\/p>\n","protected":false},"featured_media":4797,"comment_status":"open","ping_status":"closed","template":"","meta":{"_crdt_document":"","_eb_attr":""},"product_brand":[],"product_cat":[184],"product_tag":[247,246,249],"class_list":{"0":"post-3187","1":"product","2":"type-product","3":"status-publish","4":"has-post-thumbnail","6":"product_cat-monografia","7":"product_tag-ciencia-de-datos","8":"product_tag-criminologia","9":"product_tag-estadisticas-de-crimen","11":"first","12":"instock","13":"shipping-taxable","14":"product-type-simple"},"_links":{"self":[{"href":"https:\/\/bluetruecrime.com\/blog\/wp-json\/wp\/v2\/product\/3187","targetHints":{"allow":["GET"]}}],"collection":[{"href":"https:\/\/bluetruecrime.com\/blog\/wp-json\/wp\/v2\/product"}],"about":[{"href":"https:\/\/bluetruecrime.com\/blog\/wp-json\/wp\/v2\/types\/product"}],"replies":[{"embeddable":true,"href":"https:\/\/bluetruecrime.com\/blog\/wp-json\/wp\/v2\/comments?post=3187"}],"wp:featuredmedia":[{"embeddable":true,"href":"https:\/\/bluetruecrime.com\/blog\/wp-json\/wp\/v2\/media\/4797"}],"wp:attachment":[{"href":"https:\/\/bluetruecrime.com\/blog\/wp-json\/wp\/v2\/media?parent=3187"}],"wp:term":[{"taxonomy":"product_brand","embeddable":true,"href":"https:\/\/bluetruecrime.com\/blog\/wp-json\/wp\/v2\/product_brand?post=3187"},{"taxonomy":"product_cat","embeddable":true,"href":"https:\/\/bluetruecrime.com\/blog\/wp-json\/wp\/v2\/product_cat?post=3187"},{"taxonomy":"product_tag","embeddable":true,"href":"https:\/\/bluetruecrime.com\/blog\/wp-json\/wp\/v2\/product_tag?post=3187"}],"curies":[{"name":"wp","href":"https:\/\/api.w.org\/{rel}","templated":true}]}}