{"id":2938,"date":"2023-07-24T16:59:36","date_gmt":"2023-07-24T16:59:36","guid":{"rendered":"https:\/\/bluetruecrime.com\/blog\/?post_type=product&#038;p=2938"},"modified":"2023-08-12T16:40:55","modified_gmt":"2023-08-12T16:40:55","slug":"informe-sobre-el-caso-almonte","status":"publish","type":"product","link":"https:\/\/bluetruecrime.com\/blog\/tienda\/informe\/informe-sobre-el-caso-almonte\/","title":{"rendered":"Informe sobre el caso Almonte"},"content":{"rendered":"\n<figure class=\"wp-block-image size-large\"><img loading=\"lazy\" decoding=\"async\" width=\"1024\" height=\"1024\" src=\"http:\/\/bluetruecrime.com\/blog\/wp-content\/uploads\/2023\/08\/coming-soon-instagram-1024x1024.jpg\" alt=\"\" class=\"wp-image-3135\" srcset=\"https:\/\/bluetruecrime.com\/blog\/wp-content\/uploads\/2023\/08\/coming-soon-instagram-1024x1024.jpg 1024w, https:\/\/bluetruecrime.com\/blog\/wp-content\/uploads\/2023\/08\/coming-soon-instagram-100x100.jpg 100w, https:\/\/bluetruecrime.com\/blog\/wp-content\/uploads\/2023\/08\/coming-soon-instagram-500x500.jpg 500w, https:\/\/bluetruecrime.com\/blog\/wp-content\/uploads\/2023\/08\/coming-soon-instagram-400x400.jpg 400w, https:\/\/bluetruecrime.com\/blog\/wp-content\/uploads\/2023\/08\/coming-soon-instagram-768x768.jpg 768w, https:\/\/bluetruecrime.com\/blog\/wp-content\/uploads\/2023\/08\/coming-soon-instagram.jpg 1080w\" sizes=\"auto, (max-width: 1024px) 100vw, 1024px\" \/><\/figure>\n","protected":false},"excerpt":{"rendered":"<p>En este informe, la doctora Borg somete a un an\u00e1lisis cr\u00edtico el crimen de Almonte a partir de la informaci\u00f3n que se ha hecho p\u00fablica en fuentes abiertas y en libros inspirados en el sumario.\u00a0 Este producto est\u00e1 disponible bajo demanda.<\/p>\n","protected":false},"featured_media":2978,"comment_status":"open","ping_status":"closed","template":"","meta":{"_crdt_document":"","_eb_attr":""},"product_brand":[],"product_cat":[183],"product_tag":[222],"class_list":{"0":"post-2938","1":"product","2":"type-product","3":"status-publish","4":"has-post-thumbnail","6":"product_cat-informe","7":"product_tag-crimen-de-almonte","9":"first","10":"instock","11":"shipping-taxable","12":"product-type-simple"},"_links":{"self":[{"href":"https:\/\/bluetruecrime.com\/blog\/wp-json\/wp\/v2\/product\/2938","targetHints":{"allow":["GET"]}}],"collection":[{"href":"https:\/\/bluetruecrime.com\/blog\/wp-json\/wp\/v2\/product"}],"about":[{"href":"https:\/\/bluetruecrime.com\/blog\/wp-json\/wp\/v2\/types\/product"}],"replies":[{"embeddable":true,"href":"https:\/\/bluetruecrime.com\/blog\/wp-json\/wp\/v2\/comments?post=2938"}],"wp:featuredmedia":[{"embeddable":true,"href":"https:\/\/bluetruecrime.com\/blog\/wp-json\/wp\/v2\/media\/2978"}],"wp:attachment":[{"href":"https:\/\/bluetruecrime.com\/blog\/wp-json\/wp\/v2\/media?parent=2938"}],"wp:term":[{"taxonomy":"product_brand","embeddable":true,"href":"https:\/\/bluetruecrime.com\/blog\/wp-json\/wp\/v2\/product_brand?post=2938"},{"taxonomy":"product_cat","embeddable":true,"href":"https:\/\/bluetruecrime.com\/blog\/wp-json\/wp\/v2\/product_cat?post=2938"},{"taxonomy":"product_tag","embeddable":true,"href":"https:\/\/bluetruecrime.com\/blog\/wp-json\/wp\/v2\/product_tag?post=2938"}],"curies":[{"name":"wp","href":"https:\/\/api.w.org\/{rel}","templated":true}]}}