{"id":3598,"date":"2023-12-12T19:44:29","date_gmt":"2023-12-12T19:44:29","guid":{"rendered":"https:\/\/bluetruecrime.com\/blog\/?page_id=3598"},"modified":"2023-12-12T19:44:32","modified_gmt":"2023-12-12T19:44:32","slug":"about-btc","status":"publish","type":"page","link":"https:\/\/bluetruecrime.com\/blog\/about-btc\/","title":{"rendered":"About BTC"},"content":{"rendered":"\n<h2 class=\"wp-block-heading has-base-color has-contrast-background-color has-text-color has-background\">Qu\u00e9 es BTC: <\/h2>\n\n\n\n<h2 class=\"wp-block-heading has-base-color has-contrast-background-color has-text-color has-background\">BTC es un producto de ficci\u00f3n criminal\u00edstica que est\u00e1 en desarrollo y que se presentar\u00e1 como tema de investigaci\u00f3n en el Trabajo de Fin de M\u00e1ster del doble grado de Criminolog\u00eda e Ingenier\u00eda inform\u00e1tica de la Universidad Rey Juan Carlos de Madrid, de la cual la autora es alumna. <\/h2>\n\n\n\n<p class=\"wp-block-paragraph\"><\/p>\n","protected":false},"excerpt":{"rendered":"","protected":false},"author":1,"featured_media":6101,"parent":0,"menu_order":0,"comment_status":"closed","ping_status":"closed","template":"","meta":{"_crdt_document":"","_eb_attr":"","footnotes":""},"class_list":["post-3598","page","type-page","status-publish","has-post-thumbnail","hentry"],"_links":{"self":[{"href":"https:\/\/bluetruecrime.com\/blog\/wp-json\/wp\/v2\/pages\/3598","targetHints":{"allow":["GET"]}}],"collection":[{"href":"https:\/\/bluetruecrime.com\/blog\/wp-json\/wp\/v2\/pages"}],"about":[{"href":"https:\/\/bluetruecrime.com\/blog\/wp-json\/wp\/v2\/types\/page"}],"author":[{"embeddable":true,"href":"https:\/\/bluetruecrime.com\/blog\/wp-json\/wp\/v2\/users\/1"}],"replies":[{"embeddable":true,"href":"https:\/\/bluetruecrime.com\/blog\/wp-json\/wp\/v2\/comments?post=3598"}],"version-history":[{"count":1,"href":"https:\/\/bluetruecrime.com\/blog\/wp-json\/wp\/v2\/pages\/3598\/revisions"}],"predecessor-version":[{"id":3600,"href":"https:\/\/bluetruecrime.com\/blog\/wp-json\/wp\/v2\/pages\/3598\/revisions\/3600"}],"wp:featuredmedia":[{"embeddable":true,"href":"https:\/\/bluetruecrime.com\/blog\/wp-json\/wp\/v2\/media\/6101"}],"wp:attachment":[{"href":"https:\/\/bluetruecrime.com\/blog\/wp-json\/wp\/v2\/media?parent=3598"}],"curies":[{"name":"wp","href":"https:\/\/api.w.org\/{rel}","templated":true}]}}