{"id":2503,"date":"2023-03-18T00:38:50","date_gmt":"2021-03-09T14:11:37","guid":{"rendered":"http:\/\/bluetruecrime.com\/blog\/services\/"},"modified":"2023-08-25T11:19:49","modified_gmt":"2023-08-25T11:19:49","slug":"services","status":"publish","type":"page","link":"https:\/\/bluetruecrime.com\/blog\/services\/","title":{"rendered":"Tarifas"},"content":{"rendered":"\n<div class=\"wp-block-columns has-gray-background-color has-background is-layout-flex wp-container-core-columns-is-layout-8f761849 wp-block-columns-is-layout-flex\">\n<div class=\"wp-block-column is-layout-flow wp-block-column-is-layout-flow\">\n<h3 class=\"wp-block-heading has-text-align-center\" id=\"h-basic\">An\u00e1lisis de cr\u00edmenes<\/h3>\n\n\n\n<p class=\"has-text-align-center wp-block-paragraph\">50 <strong>\u20ac<\/strong>\/hora<\/p>\n\n\n\n<p class=\"wp-block-paragraph\">B\u00fasqueda de patrones comunes o relacionados.<\/p>\n\n\n\n<ul class=\"wp-block-list\">\n<li>An\u00e1lisis de la conducta<\/li>\n\n\n\n<li>Perfil ling\u00fc\u00edstico<\/li>\n\n\n\n<li>An\u00e1lisis de interrogatorios<\/li>\n<\/ul>\n<\/div>\n\n\n\n<div class=\"wp-block-column is-layout-flow wp-block-column-is-layout-flow\">\n<h3 class=\"wp-block-heading has-text-align-center\" id=\"h-agency\">Informes de ling\u00fc\u00edstica forense<\/h3>\n\n\n\n<p class=\"has-text-align-center wp-block-paragraph\">$<strong>\u20ac<\/strong>\/hora<\/p>\n\n\n\n<p class=\"wp-block-paragraph\">En el contexto del juicio:<\/p>\n\n\n\n<ul class=\"wp-block-list\">\n<li>An\u00e1lisis forense de textos<\/li>\n\n\n\n<li>Conducta no verbal de acusados en el juicio.<\/li>\n\n\n\n<li>An\u00e1lisis verbal de las declaraciones de los acusados y de los testigos.<\/li>\n<\/ul>\n<\/div>\n\n\n\n<div class=\"wp-block-column is-layout-flow wp-block-column-is-layout-flow\">\n<h3 class=\"wp-block-heading has-text-align-center\" id=\"h-pro\">Informes de inteligencia<\/h3>\n\n\n\n<p class=\"has-text-align-center wp-block-paragraph\">$100\/mo<\/p>\n\n\n\n<p class=\"wp-block-paragraph\">Esta informaci\u00f3n es reservada.<\/p>\n\n\n\n<ul class=\"wp-block-list\">\n<li>top secret<\/li>\n\n\n\n<li>top secret<\/li>\n\n\n\n<li>top secret<\/li>\n\n\n\n<li>top secret<\/li>\n<\/ul>\n<\/div>\n<\/div>\n\n\n\n<div class=\"wp-block-columns is-layout-flex wp-container-core-columns-is-layout-8f761849 wp-block-columns-is-layout-flex\">\n<div class=\"wp-block-column is-layout-flow wp-block-column-is-layout-flow\">\n<div class=\"wp-block-buttons is-horizontal is-content-justification-center is-layout-flex wp-container-core-buttons-is-layout-7d812b4c wp-block-buttons-is-layout-flex\">\n<div class=\"wp-block-button\"><a class=\"wp-block-button__link wp-element-button\" href=\"https:\/\/bluetruecrime.com\/blog\/contacto\/\">Contactar<\/a><\/div>\n<\/div>\n<\/div>\n\n\n\n<div class=\"wp-block-column is-layout-flow wp-block-column-is-layout-flow\">\n<div class=\"wp-block-buttons is-horizontal is-content-justification-center is-layout-flex wp-container-core-buttons-is-layout-7d812b4c wp-block-buttons-is-layout-flex\">\n<div class=\"wp-block-button\"><a class=\"wp-block-button__link wp-element-button\" href=\"https:\/\/bluetruecrime.com\/blog\/contacto\/\">Contactar<\/a><\/div>\n<\/div>\n<\/div>\n\n\n\n<div class=\"wp-block-column is-layout-flow wp-block-column-is-layout-flow\">\n<div class=\"wp-block-buttons is-horizontal is-content-justification-center is-layout-flex wp-container-core-buttons-is-layout-7d812b4c wp-block-buttons-is-layout-flex\">\n<div class=\"wp-block-button\"><a class=\"wp-block-button__link wp-element-button\" href=\"https:\/\/bluetruecrime.com\/blog\/contacto\/\">Contactar<\/a><\/div>\n<\/div>\n<\/div>\n<\/div>\n\n\n\n<p class=\"wp-block-paragraph\"><\/p>\n","protected":false},"excerpt":{"rendered":"<p>An\u00e1lisis de cr\u00edmenes 50 \u20ac\/hora B\u00fasqueda de patrones comunes o relacionados. Informes de ling\u00fc\u00edstica forense $\u20ac\/hora En el contexto del juicio: Informes de inteligencia $100\/mo Esta informaci\u00f3n es reservada.<\/p>\n","protected":false},"author":1,"featured_media":6101,"parent":0,"menu_order":0,"comment_status":"closed","ping_status":"closed","template":"","meta":{"_crdt_document":"","_eb_attr":"","footnotes":""},"class_list":["post-2503","page","type-page","status-publish","has-post-thumbnail","hentry"],"_links":{"self":[{"href":"https:\/\/bluetruecrime.com\/blog\/wp-json\/wp\/v2\/pages\/2503","targetHints":{"allow":["GET"]}}],"collection":[{"href":"https:\/\/bluetruecrime.com\/blog\/wp-json\/wp\/v2\/pages"}],"about":[{"href":"https:\/\/bluetruecrime.com\/blog\/wp-json\/wp\/v2\/types\/page"}],"author":[{"embeddable":true,"href":"https:\/\/bluetruecrime.com\/blog\/wp-json\/wp\/v2\/users\/1"}],"replies":[{"embeddable":true,"href":"https:\/\/bluetruecrime.com\/blog\/wp-json\/wp\/v2\/comments?post=2503"}],"version-history":[{"count":2,"href":"https:\/\/bluetruecrime.com\/blog\/wp-json\/wp\/v2\/pages\/2503\/revisions"}],"predecessor-version":[{"id":2773,"href":"https:\/\/bluetruecrime.com\/blog\/wp-json\/wp\/v2\/pages\/2503\/revisions\/2773"}],"wp:featuredmedia":[{"embeddable":true,"href":"https:\/\/bluetruecrime.com\/blog\/wp-json\/wp\/v2\/media\/6101"}],"wp:attachment":[{"href":"https:\/\/bluetruecrime.com\/blog\/wp-json\/wp\/v2\/media?parent=2503"}],"curies":[{"name":"wp","href":"https:\/\/api.w.org\/{rel}","templated":true}]}}